{"id":6977,"date":"2023-08-19T19:06:17","date_gmt":"2023-08-19T17:06:17","guid":{"rendered":"https:\/\/www.bechmann.org\/amphibium\/?page_id=6977"},"modified":"2024-04-27T11:49:48","modified_gmt":"2024-04-27T09:49:48","slug":"achtsamkeit-in-der-wildnis","status":"publish","type":"page","link":"https:\/\/www.bechmann.org\/amphibium\/roninkravmaga\/coyote-mentoring-wildnispaedagogik\/achtsamkeit-in-der-wildnis\/","title":{"rendered":"Achtsamkeit in der Wildnis"},"content":{"rendered":"\n<p>K\u00e4mpfe um Leib und Leben sind existentiell, sie gehen in extremer Weise an unsere \u00e4u\u00dfere wie an unsere innere Natur \u2013 K\u00f6rper und Geist\/Seele. Alltagsk\u00e4mpfe in Beruf, Familie und Freizeit zerren an den Nerven, \u201cgehen an die Nieren\u201d. Diesen Beanspruchungen und Herausforderungen kann man h\u00e4ufig nicht ausweichen; sie sind oft unvermeidbar. Es geht also darum, die inneren Ressourcen f\u00fcr vielf\u00e4ltige Krisen und Konflikte \u2013 also unsere Resilienz \u2013 zu st\u00e4rken.<\/p>\n\n\n\n<p>Ein <a href=\"https:\/\/www.bechmann.org\/roninkravmaga\/mindfulness-based-stress-reduction-mbsr\/\">Achtsamkeitstraining <\/a>in der Natur \u00fcbertr\u00e4gt die bew\u00e4hrten Ans\u00e4tze und Methodes des <a href=\"https:\/\/www.bechmann.org\/roninkravmaga\/mbsr-achtwochenkurs\/\">MBSR-Achtwochenkurses<\/a> quasi in die freie Wildbahn. Jeder hat den Zugang zu Mutter Natur, indes geht dieser in unserer digitalisierten und globalisierten Arbeitswelt mehr und mehr verloren. Stille und Zur\u00fcckgezogenheit haben keinen Platz in unserer modernen, ruhelosen Welt. Achtsamkeits\u00fcbungen in der Natur bringen uns ihren Segnungen und ihrer F\u00fchrung wieder n\u00e4her.<\/p>\n\n\n\n<p>Wenn es darum geht, unsere innere wie \u00e4u\u00dfere Natur zu st\u00e4rken \u2013 wo k\u00f6nnte man das besser als in der eigentlichen Natur? In und mit der Natur zu sein, hilft, den unruhigen Geist mit seinen endlos vor sich plappernden Gedanken und seinen unentwegten Sorgen zu beruhigen. 100-200 Jahre Leben im industriellen Zusammenhang stehen 50.000 Jahren Leben in, mit, (manchmal gegen) der Natur gegen\u00fcber.<\/p>\n\n\n\n<p>Wir Menschen haben Jahrtausende in der Wildnis verbracht, mit dem notwendigen Respekt vor ihren Eigenheiten und Gefahren. Evolutionsbiologisch gesehen sind wir Teil der Natur und f\u00fchlen uns grunds\u00e4tzlich wohl darin. Natur ist nicht \u201edrau\u00dfen\u201c, sondern Heimat. Der K\u00f6rper erinnert sich instinktiv schnell daran und nimmt Frieden, Stille und Ruhe der Natur rasch wieder auf. &nbsp;<\/p>\n\n\n\n<p>Wir wollen an den Instinkt der Jagd- und Sammlerv\u00f6lker andocken, den wir verk\u00fcmmert in unserem Stammhirn und limbischen System noch haben \u2013 hin zum Selbstvertrauen eines Buschmannes, der in einer widrigen Umgebung lebt und \u00fcberlebt. Wir k\u00f6nnen die Wildnis als etwas erleben, das uns h\u00e4lt und n\u00e4hrt, bei jedem Atemzug.<\/p>\n\n\n\n<p>Die Wildnis hilft uns wach, aufmerksam und gewahr zu sein. So k\u00f6nnen wir lernen, in Harmonie und Frieden mit uns selbst und der Welt um uns zu leben. Bew\u00e4hrte Meditations- und Achtsamkeitstechniken unterst\u00fctzen uns, mit Hindernissen, Gedanken, emotionalen Mustern und Strukturen umzugehen, die unserem Wohlbefinden im Wege stehen. Wach und bewusst im Moment, sicher und souver\u00e4n in der Einheit von K\u00f6rper, Seele und Geist.<\/p>\n\n\n\n<p>Bei allen geht es um Achtsamkeit in der Wildnis \u2013 verschiedene \u00dcbungen aus dem MBSR-Achtwochenkurs, angepasst auf die Naturumgebung, Natur- und Sinnesmeditation, Wahrnehmungsschulung (der ganze K\u00f6rper als Auge), indianisch-native Naturverbindung, Umgang mit den vier Elementen (Erde, Luft, Wasser, Feuer) in praktischer wie spiritueller Hinsicht, Wind &amp; Wetter, Orientierung, Vogelsprache und Spurenlesen (<em>inner &amp; outer tracking<\/em>), Tarnen und Schleichen, archaische heilige Jagd.<br><\/p>\n\n\n\n<p class=\"has-small-font-size\"><strong>Termine 2024:<\/strong><br>Derzeit Termine nur auf Anfrage.<\/p>\n","protected":false},"excerpt":{"rendered":"<p>K\u00e4mpfe um Leib und Leben sind existentiell, sie gehen in extremer Weise an unsere \u00e4u\u00dfere wie an unsere innere Natur \u2013 K\u00f6rper und Geist\/Seele. Alltagsk\u00e4mpfe in Beruf, Familie und Freizeit zerren an den Nerven, \u201cgehen an die Nieren\u201d. Diesen Beanspruchungen und Herausforderungen kann man h\u00e4ufig nicht ausweichen; sie sind oft unvermeidbar. Es geht also darum, [&hellip;]<\/p>\n","protected":false},"author":1,"featured_media":7432,"parent":6967,"menu_order":0,"comment_status":"closed","ping_status":"closed","template":"","meta":{"jetpack_post_was_ever_published":false,"footnotes":""},"class_list":["post-6977","page","type-page","status-publish","has-post-thumbnail","hentry"],"jetpack_shortlink":"https:\/\/wp.me\/P4DyUk-1Ox","jetpack-related-posts":[{"id":6967,"url":"https:\/\/www.bechmann.org\/amphibium\/roninkravmaga\/coyote-mentoring-wildnispaedagogik\/","url_meta":{"origin":6977,"position":0},"title":"Coyote Mentoring (Wildnisp\u00e4dagogik)","author":"Oliver","date":"19. August 2023","format":false,"excerpt":"Menschen sollten sich mit der Natur verbinden, um Kreativit\u00e4t und Phantasie, innere Ruhe und Reichtum, Spontanit\u00e4t und die F\u00e4higkeit zu entwickeln, mit unvorhergesehenen oder sich unvermutet \u00e4ndernden Situationen umzugehen. Naturwissen und Verbindungen zur Natur wurden bei so genannten archaischen J\u00e4ger- und Sammlerv\u00f6lkern von Generation zu Generation weitergegeben. Leben und Lernen\u2026","rel":"","context":"\u00c4hnlicher Beitrag","block_context":{"text":"\u00c4hnlicher Beitrag","link":""},"img":{"alt_text":"","src":"https:\/\/i0.wp.com\/www.bechmann.org\/amphibium\/wp-content\/uploads\/cropped-RKM_Graphik_schmal-1.jpg?fit=1200%2C496&ssl=1&resize=350%2C200","width":350,"height":200,"srcset":"https:\/\/i0.wp.com\/www.bechmann.org\/amphibium\/wp-content\/uploads\/cropped-RKM_Graphik_schmal-1.jpg?fit=1200%2C496&ssl=1&resize=350%2C200 1x, https:\/\/i0.wp.com\/www.bechmann.org\/amphibium\/wp-content\/uploads\/cropped-RKM_Graphik_schmal-1.jpg?fit=1200%2C496&ssl=1&resize=525%2C300 1.5x, https:\/\/i0.wp.com\/www.bechmann.org\/amphibium\/wp-content\/uploads\/cropped-RKM_Graphik_schmal-1.jpg?fit=1200%2C496&ssl=1&resize=700%2C400 2x, https:\/\/i0.wp.com\/www.bechmann.org\/amphibium\/wp-content\/uploads\/cropped-RKM_Graphik_schmal-1.jpg?fit=1200%2C496&ssl=1&resize=1050%2C600 3x"},"classes":[]},{"id":6969,"url":"https:\/\/www.bechmann.org\/amphibium\/roninkravmaga\/barfusslaufen\/","url_meta":{"origin":6977,"position":1},"title":"Barfu\u00dflaufen","author":"Oliver","date":"19. August 2023","format":false,"excerpt":"Unter Alltags- wie ambitionierten L\u00e4ufern ist barefootrunning zunehmend popul\u00e4r geworden. Innerhalb der mittlerweile entstandenen Bewegung des Barfu\u00dflaufens gibt es viele verschiedene Varianten. Allen ist gemeinsam, dass ihre Adepten \u00fcberzeugt sind, dass das Laufen in dicksohligen Schuhen weniger den F\u00fc\u00dfen gut tut, als vielmehr dem Einkommen der Mode- und Sport-Schuhfabrikanten. Es\u2026","rel":"","context":"\u00c4hnlicher Beitrag","block_context":{"text":"\u00c4hnlicher Beitrag","link":""},"img":{"alt_text":"","src":"https:\/\/i0.wp.com\/www.bechmann.org\/amphibium\/wp-content\/uploads\/cropped-RKM_Graphik_schmal-1.jpg?fit=1200%2C496&ssl=1&resize=350%2C200","width":350,"height":200,"srcset":"https:\/\/i0.wp.com\/www.bechmann.org\/amphibium\/wp-content\/uploads\/cropped-RKM_Graphik_schmal-1.jpg?fit=1200%2C496&ssl=1&resize=350%2C200 1x, https:\/\/i0.wp.com\/www.bechmann.org\/amphibium\/wp-content\/uploads\/cropped-RKM_Graphik_schmal-1.jpg?fit=1200%2C496&ssl=1&resize=525%2C300 1.5x, https:\/\/i0.wp.com\/www.bechmann.org\/amphibium\/wp-content\/uploads\/cropped-RKM_Graphik_schmal-1.jpg?fit=1200%2C496&ssl=1&resize=700%2C400 2x, https:\/\/i0.wp.com\/www.bechmann.org\/amphibium\/wp-content\/uploads\/cropped-RKM_Graphik_schmal-1.jpg?fit=1200%2C496&ssl=1&resize=1050%2C600 3x"},"classes":[]},{"id":337,"url":"https:\/\/www.bechmann.org\/amphibium\/impressum-kontakt\/datenschutzerklaerung\/","url_meta":{"origin":6977,"position":2},"title":"Datenschutzerkl\u00e4rung","author":"Oliver","date":"31. August 2014","format":false,"excerpt":"Datenschutzerkl\u00e4rung Diese Datenschutzerkl\u00e4rung kl\u00e4rt Sie \u00fcber die Art, den Umfang und Zweck der Verarbeitung von personenbezogenen Daten (nachfolgend kurz \u201eDaten\u201c) innerhalb unseres Onlineangebotes und der mit ihm verbundenen Webseiten, Funktionen und Inhalte sowie externen Onlinepr\u00e4senzen, wie z.B. unser Social Media Profile auf. (nachfolgend gemeinsam bezeichnet als \u201eOnlineangebot\u201c). Im Hinblick auf\u2026","rel":"","context":"\u00c4hnlicher Beitrag","block_context":{"text":"\u00c4hnlicher Beitrag","link":""},"img":{"alt_text":"","src":"","width":0,"height":0},"classes":[]},{"id":9581,"url":"https:\/\/www.bechmann.org\/amphibium\/roninkravmaga\/prepping\/","url_meta":{"origin":6977,"position":3},"title":"Gentle Prepping","author":"Oliver","date":"6. Juni 2025","format":false,"excerpt":"https:\/\/youtu.be\/xtNIJRbErvE?feature=shared Mitte der 1980er Jahre wollte ich mit meinem Enduro-Motorrad um die Welt reisen, da erschien es mir dienlich, einen Survivalkurs zu absolvieren. Damals war Volker Lapp ein guter Name in dieser Szene (und ist es heute noch), der einen \"Expeditionskurs\" im verschneiten Hunsr\u00fcck anbot. \"Survival\", so meinte er damals,\u2026","rel":"","context":"\u00c4hnlicher Beitrag","block_context":{"text":"\u00c4hnlicher Beitrag","link":""},"img":{"alt_text":"","src":"https:\/\/i0.wp.com\/img.youtube.com\/vi\/xtNIJRbErvE\/0.jpg?resize=350%2C200","width":350,"height":200},"classes":[]},{"id":2,"url":"https:\/\/www.bechmann.org\/amphibium\/ueberdasamphibium\/","url_meta":{"origin":6977,"position":4},"title":"\u00dcber uns","author":"Oliver","date":"15. Mai 2014","format":false,"excerpt":"Das Amphibium - mobiles Leben zu Land, Wasser, Luft Ein Amphibium ist ein Lebewesen, das sowohl im Wasser, am Wasser und an Land lebt und in beiden Sph\u00e4ren gleicherma\u00dfen existieren kann. Luft braucht es zum Atmen, aber es kann nicht fliegen. Dornier Flugboot Do 24 ATT Als Anfang des vorigen\u2026","rel":"","context":"\u00c4hnlicher Beitrag","block_context":{"text":"\u00c4hnlicher Beitrag","link":""},"img":{"alt_text":"","src":"https:\/\/i0.wp.com\/www.bechmann.org\/amphibium\/wp-content\/uploads\/ojbNr5_kl.jpeg?resize=350%2C200&ssl=1","width":350,"height":200,"srcset":"https:\/\/i0.wp.com\/www.bechmann.org\/amphibium\/wp-content\/uploads\/ojbNr5_kl.jpeg?resize=350%2C200&ssl=1 1x, https:\/\/i0.wp.com\/www.bechmann.org\/amphibium\/wp-content\/uploads\/ojbNr5_kl.jpeg?resize=525%2C300&ssl=1 1.5x, https:\/\/i0.wp.com\/www.bechmann.org\/amphibium\/wp-content\/uploads\/ojbNr5_kl.jpeg?resize=700%2C400&ssl=1 2x, https:\/\/i0.wp.com\/www.bechmann.org\/amphibium\/wp-content\/uploads\/ojbNr5_kl.jpeg?resize=1050%2C600&ssl=1 3x, https:\/\/i0.wp.com\/www.bechmann.org\/amphibium\/wp-content\/uploads\/ojbNr5_kl.jpeg?resize=1400%2C800&ssl=1 4x"},"classes":[]},{"id":345,"url":"https:\/\/www.bechmann.org\/amphibium\/sprueche\/","url_meta":{"origin":6977,"position":5},"title":"Spr\u00fcche","author":"Oliver","date":"31. August 2014","format":false,"excerpt":"always pack a spare You\u2019re on a road. And you\u2019ve been on it your whole life: it stretches ahead, and behind. Sometimes it\u2019s the road home, sometimes away. It can be a long and winding road, or bumpy as hell and shred your tyres as you head into an extreme\u2026","rel":"","context":"\u00c4hnlicher Beitrag","block_context":{"text":"\u00c4hnlicher Beitrag","link":""},"img":{"alt_text":"leitspruch","src":"https:\/\/i0.wp.com\/www.bechmann.org\/amphibium\/wp-content\/uploads\/IMG_2947.jpg?resize=350%2C200","width":350,"height":200,"srcset":"https:\/\/i0.wp.com\/www.bechmann.org\/amphibium\/wp-content\/uploads\/IMG_2947.jpg?resize=350%2C200 1x, https:\/\/i0.wp.com\/www.bechmann.org\/amphibium\/wp-content\/uploads\/IMG_2947.jpg?resize=525%2C300 1.5x, https:\/\/i0.wp.com\/www.bechmann.org\/amphibium\/wp-content\/uploads\/IMG_2947.jpg?resize=700%2C400 2x, https:\/\/i0.wp.com\/www.bechmann.org\/amphibium\/wp-content\/uploads\/IMG_2947.jpg?resize=1050%2C600 3x, https:\/\/i0.wp.com\/www.bechmann.org\/amphibium\/wp-content\/uploads\/IMG_2947.jpg?resize=1400%2C800 4x"},"classes":[]}],"jetpack_sharing_enabled":true,"_links":{"self":[{"href":"https:\/\/www.bechmann.org\/amphibium\/wp-json\/wp\/v2\/pages\/6977","targetHints":{"allow":["GET"]}}],"collection":[{"href":"https:\/\/www.bechmann.org\/amphibium\/wp-json\/wp\/v2\/pages"}],"about":[{"href":"https:\/\/www.bechmann.org\/amphibium\/wp-json\/wp\/v2\/types\/page"}],"author":[{"embeddable":true,"href":"https:\/\/www.bechmann.org\/amphibium\/wp-json\/wp\/v2\/users\/1"}],"replies":[{"embeddable":true,"href":"https:\/\/www.bechmann.org\/amphibium\/wp-json\/wp\/v2\/comments?post=6977"}],"version-history":[{"count":4,"href":"https:\/\/www.bechmann.org\/amphibium\/wp-json\/wp\/v2\/pages\/6977\/revisions"}],"predecessor-version":[{"id":8127,"href":"https:\/\/www.bechmann.org\/amphibium\/wp-json\/wp\/v2\/pages\/6977\/revisions\/8127"}],"up":[{"embeddable":true,"href":"https:\/\/www.bechmann.org\/amphibium\/wp-json\/wp\/v2\/pages\/6967"}],"wp:featuredmedia":[{"embeddable":true,"href":"https:\/\/www.bechmann.org\/amphibium\/wp-json\/wp\/v2\/media\/7432"}],"wp:attachment":[{"href":"https:\/\/www.bechmann.org\/amphibium\/wp-json\/wp\/v2\/media?parent=6977"}],"curies":[{"name":"wp","href":"https:\/\/api.w.org\/{rel}","templated":true}]}}