{"id":6963,"date":"2023-08-19T18:58:13","date_gmt":"2023-08-19T16:58:13","guid":{"rendered":"https:\/\/www.bechmann.org\/amphibium\/?page_id=6963"},"modified":"2026-02-27T14:27:26","modified_gmt":"2026-02-27T13:27:26","slug":"kobudo","status":"publish","type":"page","link":"https:\/\/www.bechmann.org\/amphibium\/roninkravmaga\/kobudo\/","title":{"rendered":"Kobudo"},"content":{"rendered":"\n<p>Kobudo ist ein Teil der traditionellen japanischen Kampfk\u00fcnste und lehrt \u00fcberwiegend den Umgang mit Instrumenten, die die Bauern Okinawas aus agrarischen Hilfsinstrumenten entwickelten. Dazu kommen verschiedene Stock-Formen. (<a rel=\"noreferrer noopener\" href=\"https:\/\/de.wikipedia.org\/wiki\/Kobud%C5%8D\" target=\"_blank\">Definition Kobudo in der Wikipedia<\/a>). Zuweilen \u00fcbt man auch den Umgang mit dem japanischen traditionellen Schwert (<em>Katana<\/em>), um den Angreifer sinnvoll simulieren zu k\u00f6nnen.<\/p>\n\n\n\n<p>Kobudo-Praktiken haben insofern f\u00fcr die Moderne und die moderne Selbstverteidigung <a href=\"https:\/\/www.bechmann.org\/roninkravmaga\/krav-maga\/\">Krav Maga<\/a> Bedeutung, als mit ihnen die entschlossene, aufs \u00c4u\u00dferste konzentrierte Haltung des japanischen Kriegers ge\u00fcbt wird, die angesichts einer Leben-oder-Tod-Situation gelassenen Gleichmut bewahrt.<\/p>\n\n\n\n<p>Auch l\u00e4sst sich der Krav Maga-angepasste Umgang mit den Kobudo-Waffen wie halblanger Stock (<em>Hanbo<\/em>), <em>Tonfa<\/em>, <em>Sai <\/em>auf Alltagsgegenst\u00e4nde und versteckte Hilfsmittel zur Selbstverteidigung (<a href=\"https:\/\/www.cold-steel.de\/sonstiges\/gehstoecke\/\" target=\"_blank\" rel=\"noreferrer noopener\">Wander- &amp; Spazierstock<\/a>, <a href=\"https:\/\/www.softairwelt.de\/Tonfa-Einsatzstock\" target=\"_blank\" rel=\"noreferrer noopener\">Mehrzweck-Schlagstock<\/a> &amp; <a href=\"https:\/\/rrbsystems.com\/products\/rapid-rotation-baton\" target=\"_blank\" rel=\"noreferrer noopener\">Rapid Rotation Baton<\/a> [RRB], Kubotan u.a.) \u00fcbertragen.<\/p>\n\n\n\n<p>Die vom <em>roninkravmaga<\/em>-Team vermittelten Kobudo-Ans\u00e4tze beziehen sich auf die Praxis des franz\u00f6sischen \u201eCentre de Recherche du Budo\u201c von <a rel=\"noreferrer noopener\" href=\"https:\/\/de.wikipedia.org\/wiki\/Roland_Habersetzer\" target=\"_blank\">Roland Habersetzer<\/a>, dessen bedeutendster Vertreter in Deutschland Hilmar Fuchs ist.<\/p>\n\n\n\n<blockquote class=\"wp-block-quote is-layout-flow wp-block-quote-is-layout-flow\">\n<p>as a warrior, you become comfortable with being uncomfortable, you are willing to suffer, sacrifice and fail, if that\u2019s what it takes; and you enjoy the journey and do the best you can in all arenas of life.<\/p>\n<cite>Jerry Lynch, Chungliang Al Huang: <em>Spirit of the Dancing Warrior<\/em><\/cite><\/blockquote>\n","protected":false},"excerpt":{"rendered":"<p>Kobudo ist ein Teil der traditionellen japanischen Kampfk\u00fcnste und lehrt \u00fcberwiegend den Umgang mit Instrumenten, die die Bauern Okinawas aus agrarischen Hilfsinstrumenten entwickelten. Dazu kommen verschiedene Stock-Formen. (Definition Kobudo in der Wikipedia). Zuweilen \u00fcbt man auch den Umgang mit dem japanischen traditionellen Schwert (Katana), um den Angreifer sinnvoll simulieren zu k\u00f6nnen. Kobudo-Praktiken haben insofern f\u00fcr [&hellip;]<\/p>\n","protected":false},"author":1,"featured_media":7432,"parent":6959,"menu_order":2,"comment_status":"closed","ping_status":"closed","template":"","meta":{"jetpack_post_was_ever_published":false,"footnotes":""},"class_list":["post-6963","page","type-page","status-publish","has-post-thumbnail","hentry"],"jetpack_shortlink":"https:\/\/wp.me\/P4DyUk-1Oj","jetpack-related-posts":[{"id":6959,"url":"https:\/\/www.bechmann.org\/amphibium\/roninkravmaga\/","url_meta":{"origin":6963,"position":0},"title":"roninkravmaga","author":"Oliver","date":"17. August 2023","format":false,"excerpt":"[Das Nachfolge-Projekt des Krav Maga Centers Frankfurt\/Rhein-Main] r\u014dnin \u6d6a\u4eba, jap. w\u00f6rtl. \u201eWellenmann\u201c, lit. \u201eumherwandernde Person\u201ckrav maga \u05e7\u05e8\u05d1 \u05de\u05d2\u05e2 , hebr., w\u00f6rtl. \u201eKontaktkampf\u201c roninkravmaga bietet als mobile Schule Seminare & Kurse, Workshops & Camps zur k\u00f6rperlichen, seelischen & geistigen Fitness in herausfordernden Umst\u00e4nden an. Dabei geht es nicht nur um physisches\u2026","rel":"","context":"In &quot;Land&quot;","block_context":{"text":"Land","link":"https:\/\/www.bechmann.org\/amphibium\/category\/land\/"},"img":{"alt_text":"","src":"https:\/\/i0.wp.com\/www.bechmann.org\/amphibium\/wp-content\/uploads\/cropped-RKM_Graphik_schmal-1.jpg?fit=1200%2C496&ssl=1&resize=350%2C200","width":350,"height":200,"srcset":"https:\/\/i0.wp.com\/www.bechmann.org\/amphibium\/wp-content\/uploads\/cropped-RKM_Graphik_schmal-1.jpg?fit=1200%2C496&ssl=1&resize=350%2C200 1x, https:\/\/i0.wp.com\/www.bechmann.org\/amphibium\/wp-content\/uploads\/cropped-RKM_Graphik_schmal-1.jpg?fit=1200%2C496&ssl=1&resize=525%2C300 1.5x, https:\/\/i0.wp.com\/www.bechmann.org\/amphibium\/wp-content\/uploads\/cropped-RKM_Graphik_schmal-1.jpg?fit=1200%2C496&ssl=1&resize=700%2C400 2x, https:\/\/i0.wp.com\/www.bechmann.org\/amphibium\/wp-content\/uploads\/cropped-RKM_Graphik_schmal-1.jpg?fit=1200%2C496&ssl=1&resize=1050%2C600 3x"},"classes":[]},{"id":6969,"url":"https:\/\/www.bechmann.org\/amphibium\/roninkravmaga\/barfusslaufen\/","url_meta":{"origin":6963,"position":1},"title":"Barfu\u00dflaufen","author":"Oliver","date":"19. August 2023","format":false,"excerpt":"Unter Alltags- wie ambitionierten L\u00e4ufern ist barefootrunning zunehmend popul\u00e4r geworden. Innerhalb der mittlerweile entstandenen Bewegung des Barfu\u00dflaufens gibt es viele verschiedene Varianten. Allen ist gemeinsam, dass ihre Adepten \u00fcberzeugt sind, dass das Laufen in dicksohligen Schuhen weniger den F\u00fc\u00dfen gut tut, als vielmehr dem Einkommen der Mode- und Sport-Schuhfabrikanten. Es\u2026","rel":"","context":"\u00c4hnlicher Beitrag","block_context":{"text":"\u00c4hnlicher Beitrag","link":""},"img":{"alt_text":"","src":"https:\/\/i0.wp.com\/www.bechmann.org\/amphibium\/wp-content\/uploads\/cropped-RKM_Graphik_schmal-1.jpg?fit=1200%2C496&ssl=1&resize=350%2C200","width":350,"height":200,"srcset":"https:\/\/i0.wp.com\/www.bechmann.org\/amphibium\/wp-content\/uploads\/cropped-RKM_Graphik_schmal-1.jpg?fit=1200%2C496&ssl=1&resize=350%2C200 1x, https:\/\/i0.wp.com\/www.bechmann.org\/amphibium\/wp-content\/uploads\/cropped-RKM_Graphik_schmal-1.jpg?fit=1200%2C496&ssl=1&resize=525%2C300 1.5x, https:\/\/i0.wp.com\/www.bechmann.org\/amphibium\/wp-content\/uploads\/cropped-RKM_Graphik_schmal-1.jpg?fit=1200%2C496&ssl=1&resize=700%2C400 2x, https:\/\/i0.wp.com\/www.bechmann.org\/amphibium\/wp-content\/uploads\/cropped-RKM_Graphik_schmal-1.jpg?fit=1200%2C496&ssl=1&resize=1050%2C600 3x"},"classes":[]},{"id":6973,"url":"https:\/\/www.bechmann.org\/amphibium\/roninkravmaga\/krav-maga\/krav-maga-seminare-kurse\/","url_meta":{"origin":6963,"position":2},"title":"Krav Maga-Seminare &amp; Kurse","author":"Oliver","date":"19. August 2023","format":false,"excerpt":"Seminare & Kurse, Workshops & Camps werden an verschiedenen Indoor- & Outdoor-Locations im Rhein-Main-Gebiet veranstaltet und k\u00f6nnen au\u00dferdem von Sport- und anderen Vereinen, Kampfsportclubs und Fitnessstudios, Beh\u00f6rden, Firmen, Ausbildungs- und Privatgruppen in deren R\u00e4umen \u2013 je nach Interesse und Vorerfahrung der Teilnehmer \u2013 gebucht werden. Ihre Ausrichtung richtet sich nach\u2026","rel":"","context":"\u00c4hnlicher Beitrag","block_context":{"text":"\u00c4hnlicher Beitrag","link":""},"img":{"alt_text":"","src":"","width":0,"height":0},"classes":[]},{"id":6961,"url":"https:\/\/www.bechmann.org\/amphibium\/roninkravmaga\/krav-maga\/","url_meta":{"origin":6963,"position":3},"title":"Krav Maga","author":"Oliver","date":"19. August 2023","format":false,"excerpt":"Krav Maga ist die Nahkampfmethode des israelischen Milit\u00e4rs. Ihr Begr\u00fcnder Imi Lichtenfeld und sein wichtigster Sch\u00fcler Eyal Yanilov erm\u00f6glichten es Anfang der 90er Jahre des vorigen Jahrhunderts, dass nicht nur professionelle Berufsanwender wie Soldaten, Polizisten, Personensch\u00fctzer und Security-Personal Krav Maga trainieren konnten, sondern weltweit auch Zivilb\u00fcrger. Was uns wichtig ist:\u2026","rel":"","context":"\u00c4hnlicher Beitrag","block_context":{"text":"\u00c4hnlicher Beitrag","link":""},"img":{"alt_text":"","src":"https:\/\/i0.wp.com\/www.bechmann.org\/amphibium\/wp-content\/uploads\/cropped-RKM_Graphik_schmal-1.jpg?fit=1200%2C496&ssl=1&resize=350%2C200","width":350,"height":200,"srcset":"https:\/\/i0.wp.com\/www.bechmann.org\/amphibium\/wp-content\/uploads\/cropped-RKM_Graphik_schmal-1.jpg?fit=1200%2C496&ssl=1&resize=350%2C200 1x, https:\/\/i0.wp.com\/www.bechmann.org\/amphibium\/wp-content\/uploads\/cropped-RKM_Graphik_schmal-1.jpg?fit=1200%2C496&ssl=1&resize=525%2C300 1.5x, https:\/\/i0.wp.com\/www.bechmann.org\/amphibium\/wp-content\/uploads\/cropped-RKM_Graphik_schmal-1.jpg?fit=1200%2C496&ssl=1&resize=700%2C400 2x, https:\/\/i0.wp.com\/www.bechmann.org\/amphibium\/wp-content\/uploads\/cropped-RKM_Graphik_schmal-1.jpg?fit=1200%2C496&ssl=1&resize=1050%2C600 3x"},"classes":[]},{"id":6965,"url":"https:\/\/www.bechmann.org\/amphibium\/roninkravmaga\/mindfulness-based-stress-reduction-mbsr\/","url_meta":{"origin":6963,"position":4},"title":"Mindfulness Based Stress Reduction (MBSR)","author":"Oliver","date":"19. August 2023","format":false,"excerpt":"Stress im Job oder Verlust des Arbeitsplatzes, Beziehung gescheitert oder \u00c4rger mit dem Nachwuchs, demente Eltern, eine lebensbedrohliche Krankheit \u2013 das\u00a0\u00a0kann jede und jeden treffen. Manche Menschen zerbrechen an Schicksalsschl\u00e4gen, werden drogen-, alkohol- oder medikamentenabh\u00e4ngig, verfallen in Burn-out und Depression. Andere haben st\u00e4rkere Ressourcen, um Krisen zu \u00fcberstehen: Diese innere\u2026","rel":"","context":"\u00c4hnlicher Beitrag","block_context":{"text":"\u00c4hnlicher Beitrag","link":""},"img":{"alt_text":"","src":"https:\/\/i0.wp.com\/www.bechmann.org\/amphibium\/wp-content\/uploads\/cropped-RKM_Graphik_schmal-1.jpg?fit=1200%2C496&ssl=1&resize=350%2C200","width":350,"height":200,"srcset":"https:\/\/i0.wp.com\/www.bechmann.org\/amphibium\/wp-content\/uploads\/cropped-RKM_Graphik_schmal-1.jpg?fit=1200%2C496&ssl=1&resize=350%2C200 1x, https:\/\/i0.wp.com\/www.bechmann.org\/amphibium\/wp-content\/uploads\/cropped-RKM_Graphik_schmal-1.jpg?fit=1200%2C496&ssl=1&resize=525%2C300 1.5x, https:\/\/i0.wp.com\/www.bechmann.org\/amphibium\/wp-content\/uploads\/cropped-RKM_Graphik_schmal-1.jpg?fit=1200%2C496&ssl=1&resize=700%2C400 2x, https:\/\/i0.wp.com\/www.bechmann.org\/amphibium\/wp-content\/uploads\/cropped-RKM_Graphik_schmal-1.jpg?fit=1200%2C496&ssl=1&resize=1050%2C600 3x"},"classes":[]},{"id":2,"url":"https:\/\/www.bechmann.org\/amphibium\/ueberdasamphibium\/","url_meta":{"origin":6963,"position":5},"title":"\u00dcber uns","author":"Oliver","date":"15. Mai 2014","format":false,"excerpt":"Das Amphibium - mobiles Leben zu Land, Wasser, Luft Ein Amphibium ist ein Lebewesen, das sowohl im Wasser, am Wasser und an Land lebt und in beiden Sph\u00e4ren gleicherma\u00dfen existieren kann. Luft braucht es zum Atmen, aber es kann nicht fliegen. Dornier Flugboot Do 24 ATT Als Anfang des vorigen\u2026","rel":"","context":"\u00c4hnlicher Beitrag","block_context":{"text":"\u00c4hnlicher Beitrag","link":""},"img":{"alt_text":"","src":"https:\/\/i0.wp.com\/www.bechmann.org\/amphibium\/wp-content\/uploads\/ojbNr5_kl.jpeg?resize=350%2C200&ssl=1","width":350,"height":200,"srcset":"https:\/\/i0.wp.com\/www.bechmann.org\/amphibium\/wp-content\/uploads\/ojbNr5_kl.jpeg?resize=350%2C200&ssl=1 1x, https:\/\/i0.wp.com\/www.bechmann.org\/amphibium\/wp-content\/uploads\/ojbNr5_kl.jpeg?resize=525%2C300&ssl=1 1.5x, https:\/\/i0.wp.com\/www.bechmann.org\/amphibium\/wp-content\/uploads\/ojbNr5_kl.jpeg?resize=700%2C400&ssl=1 2x, https:\/\/i0.wp.com\/www.bechmann.org\/amphibium\/wp-content\/uploads\/ojbNr5_kl.jpeg?resize=1050%2C600&ssl=1 3x, https:\/\/i0.wp.com\/www.bechmann.org\/amphibium\/wp-content\/uploads\/ojbNr5_kl.jpeg?resize=1400%2C800&ssl=1 4x"},"classes":[]}],"jetpack_sharing_enabled":true,"_links":{"self":[{"href":"https:\/\/www.bechmann.org\/amphibium\/wp-json\/wp\/v2\/pages\/6963","targetHints":{"allow":["GET"]}}],"collection":[{"href":"https:\/\/www.bechmann.org\/amphibium\/wp-json\/wp\/v2\/pages"}],"about":[{"href":"https:\/\/www.bechmann.org\/amphibium\/wp-json\/wp\/v2\/types\/page"}],"author":[{"embeddable":true,"href":"https:\/\/www.bechmann.org\/amphibium\/wp-json\/wp\/v2\/users\/1"}],"replies":[{"embeddable":true,"href":"https:\/\/www.bechmann.org\/amphibium\/wp-json\/wp\/v2\/comments?post=6963"}],"version-history":[{"count":6,"href":"https:\/\/www.bechmann.org\/amphibium\/wp-json\/wp\/v2\/pages\/6963\/revisions"}],"predecessor-version":[{"id":10190,"href":"https:\/\/www.bechmann.org\/amphibium\/wp-json\/wp\/v2\/pages\/6963\/revisions\/10190"}],"up":[{"embeddable":true,"href":"https:\/\/www.bechmann.org\/amphibium\/wp-json\/wp\/v2\/pages\/6959"}],"wp:featuredmedia":[{"embeddable":true,"href":"https:\/\/www.bechmann.org\/amphibium\/wp-json\/wp\/v2\/media\/7432"}],"wp:attachment":[{"href":"https:\/\/www.bechmann.org\/amphibium\/wp-json\/wp\/v2\/media?parent=6963"}],"curies":[{"name":"wp","href":"https:\/\/api.w.org\/{rel}","templated":true}]}}