{"id":343,"date":"2014-08-31T11:23:04","date_gmt":"2014-08-31T09:23:04","guid":{"rendered":"http:\/\/www.bechmann.org\/amphibium\/?page_id=343"},"modified":"2022-01-31T13:49:55","modified_gmt":"2022-01-31T12:49:55","slug":"regeln","status":"publish","type":"page","link":"https:\/\/www.bechmann.org\/amphibium\/impressum-kontakt\/regeln\/","title":{"rendered":"Regeln"},"content":{"rendered":"<p>Dies ist ein Weblog \u00fcber Reisen. Bei Blogs und \u00e4hnlichen Web-Auftritten handelt es sich um eine Art digitales Wohnzimmer &#8211; also einen Ort, \u00fcber den man selbst bestimmt und in den man G\u00e4ste einladen kann. Aber nicht muss. Und wenn G\u00e4ste sich nicht zu benehmen wissen, setzt man sie vor die T\u00fcre.<\/p>\n<p>Folglich ist hier nicht m\u00f6glich, ohne Einschr\u00e4nkungen das Wohnzimmer durch eine immer offene T\u00fcr zu betreten. Wer eintreten will, muss sich erst mal vorstellen. Mit anderen Worten: Jeder abgegebene Kommentar wird erst einmal durch den Wohnungsinhaber, sprich: Administrator, gepr\u00fcft und gegebenfalls freigegeben &#8211; also Einlass gew\u00e4hrt. Und zweifelsfrei beh\u00e4lt sich der Wohnungsinhaber vor, G\u00e4ste, die er einmal eingelassen hat, wieder hinauszuwerfen und f\u00fcr alle Zeiten auszusperren, wenn sie p\u00f6beln.<\/p>\n<p>Ganz wie im echten Leben auch: <em>My blog is my castle!<\/em><\/p>\n<p>Eine vorherige Registrierung indes ist derzeit nicht notwendig. Bitte haben Sie aber Verst\u00e4ndnis, dass Ihr Kommentar erst einmal in die Moderations-Warteschlange kommt.<\/p>\n<p><em><strong>Oliver Bechmann<\/strong><\/em><\/p>\n<p>Sie haben die M\u00f6glichkeit, zu einzelnen Betr\u00e4gen dieses Weblogs Kommentare zu schreiben.<\/p>\n<p>Bitte beachten Sie hierzu folgende Regeln:<\/p>\n<p>1. Kommentare geben nicht die Meinung von Oliver Bechmann wieder; Oliver Bechmann macht sich den Inhalt der Kommentare nicht zu eigen.<\/p>\n<p>2. Kommentare sollten namentlich gekennzeichnet sein und werden nur bei Angabe einer g\u00fcltigen Mailadresse akzeptiert. Mailadressen werden nicht ver\u00f6ffentlicht und Dritten nicht zug\u00e4nglich gemacht. Die missbr\u00e4uchliche Benutzung von Namen anderer Personen ist nicht gestattet. IP-Adressen werden erfasst.<\/p>\n<p>3. Oliver Bechmann akzeptiert keine Kommentare, die zu Straftaten auffordern, frauen-, fremden- oder anderweitig menschenfeindlich sind.<\/p>\n<p>4. Bleiben Sie sachlich, freundlich &#8211; und beim Thema.<\/p>\n<p>5. Oliver Bechmann beh\u00e4lt sich vor, Kommentare zu l\u00f6schen, einzelne Kommentatoren auszuschlie\u00dfen und die Kommentarfunktion zu einzelnen Beitr\u00e4gen zu deaktivieren. Bei \u00e4lteren Beitr\u00e4gen erfolgt die Deaktivierung der Kommentarfunktion automatisch.<\/p>\n<p>6. Oliver Bechmann beh\u00e4lt sich vor, einzelne Kommentare in anderen Medien unter Nennung des Urhebers\/der Urheberin zu verbreiten. Hierdurch entsteht kein Anspruch auf Honorierung.<\/p>\n<p>7. Spam und kommerzielle Werbung in den Kommentarfeldern sind unerw\u00fcnscht und werden gel\u00f6scht.<\/p>\n<p>8. Oliver Bechmann beh\u00e4lt sich \u00c4nderungen und Erg\u00e4nzungen dieser Regeln vor. Bitte pr\u00fcfen Sie diese Bedingungen regelm\u00e4\u00dfig.<\/p>\n<p>Mit dem Absenden von Kommentaren in diesem Weblog akzeptieren Sie diese Regeln.<\/p>\n<p><strong>Addendum: Zu tats\u00e4chlicher oder vermeintlicher &#8222;Zensur&#8220;<\/strong><\/p>\n<p>Es gibt die juristische Auffassung, dass Weblog bzw. dessen Betreiber nicht nur f\u00fcr die eigenen Texte, sondern auch f\u00fcr die Leserkommentare verantwortlich ist. Damit gelten die gleichen Vorgaben wie f\u00fcr redaktionelle Beitr\u00e4ge in einem Newsportal. Ein Grundsatz dabei wiederum ist: Kritik ist erlaubt, wenn sie als Meinung daherkommt (&#8222;Mir schmeckt das Essen bei McDonald&#8217;s nicht&#8220;). Anders verh\u00e4lt es sich mit Tatsachenbehauptungen (&#8222;Die Mitarbeiter spucken in die Burger&#8220;). Solche Formulierungen \u00f6ffnen die T\u00fcr f\u00fcr so genannte Gegendarstellungen, und sind f\u00fcr Weblog-Betreiber nicht m\u00f6glich zu pr\u00fcfen. Daher werden solche Tatsachenbehauptungen aus Kommentaren gestrichen.<\/p>\n","protected":false},"excerpt":{"rendered":"<p>Dies ist ein Weblog \u00fcber Reisen. Bei Blogs und \u00e4hnlichen Web-Auftritten handelt es sich um eine Art digitales Wohnzimmer &#8211; also einen Ort, \u00fcber den man selbst bestimmt und in den man G\u00e4ste einladen kann. Aber nicht muss. Und wenn G\u00e4ste sich nicht zu benehmen wissen, setzt man sie vor die T\u00fcre. Folglich ist hier [&hellip;]<\/p>\n","protected":false},"author":1,"featured_media":0,"parent":341,"menu_order":11,"comment_status":"closed","ping_status":"closed","template":"","meta":{"jetpack_post_was_ever_published":false,"footnotes":""},"class_list":["post-343","page","type-page","status-publish","hentry"],"jetpack_shortlink":"https:\/\/wp.me\/P4DyUk-5x","jetpack-related-posts":[{"id":341,"url":"https:\/\/www.bechmann.org\/amphibium\/impressum-kontakt\/","url_meta":{"origin":343,"position":0},"title":"Impressum-Datenschutz","author":"Oliver","date":"31. August 2014","format":false,"excerpt":"Verantwortlicher Redakteur f\u00fcr die Planung, Realisierung und Betreuung der Internetinhalte im Sinne des Presserechts und des \u00a7 6 des Mediendienste Staatsvertrags: Oliver Bechmann. Verantwortlicher Webmaster und TCEO f\u00fcr die Administration der Domains (Admin-c) ist im Sinne des \u00a7 6 des Mediendienste Staatsvertrags: Oliver Bechmann. Fehler auf den Seiten oder Anmerkungen\u2026","rel":"","context":"\u00c4hnlicher Beitrag","block_context":{"text":"\u00c4hnlicher Beitrag","link":""},"img":{"alt_text":"","src":"https:\/\/i0.wp.com\/www.bechmann.org\/amphibium\/wp-content\/uploads\/signal-username-qr-code.png?resize=350%2C200&ssl=1","width":350,"height":200},"classes":[]},{"id":6973,"url":"https:\/\/www.bechmann.org\/amphibium\/roninkravmaga\/krav-maga\/krav-maga-seminare-kurse\/","url_meta":{"origin":343,"position":1},"title":"Krav Maga-Seminare &amp; Kurse","author":"Oliver","date":"19. August 2023","format":false,"excerpt":"Seminare & Kurse, Workshops & Camps werden an verschiedenen Indoor- & Outdoor-Locations im Rhein-Main-Gebiet veranstaltet und k\u00f6nnen au\u00dferdem von Sport- und anderen Vereinen, Kampfsportclubs und Fitnessstudios, Beh\u00f6rden, Firmen, Ausbildungs- und Privatgruppen in deren R\u00e4umen \u2013 je nach Interesse und Vorerfahrung der Teilnehmer \u2013 gebucht werden. Ihre Ausrichtung richtet sich nach\u2026","rel":"","context":"\u00c4hnlicher Beitrag","block_context":{"text":"\u00c4hnlicher Beitrag","link":""},"img":{"alt_text":"","src":"","width":0,"height":0},"classes":[]},{"id":337,"url":"https:\/\/www.bechmann.org\/amphibium\/impressum-kontakt\/datenschutzerklaerung\/","url_meta":{"origin":343,"position":2},"title":"Datenschutzerkl\u00e4rung","author":"Oliver","date":"31. August 2014","format":false,"excerpt":"Datenschutzerkl\u00e4rung Diese Datenschutzerkl\u00e4rung kl\u00e4rt Sie \u00fcber die Art, den Umfang und Zweck der Verarbeitung von personenbezogenen Daten (nachfolgend kurz \u201eDaten\u201c) innerhalb unseres Onlineangebotes und der mit ihm verbundenen Webseiten, Funktionen und Inhalte sowie externen Onlinepr\u00e4senzen, wie z.B. unser Social Media Profile auf. (nachfolgend gemeinsam bezeichnet als \u201eOnlineangebot\u201c). Im Hinblick auf\u2026","rel":"","context":"\u00c4hnlicher Beitrag","block_context":{"text":"\u00c4hnlicher Beitrag","link":""},"img":{"alt_text":"","src":"","width":0,"height":0},"classes":[]},{"id":6979,"url":"https:\/\/www.bechmann.org\/amphibium\/roninkravmaga\/mindfulness-based-stress-reduction-mbsr\/mbsr-achtsamkeitsschulung\/","url_meta":{"origin":343,"position":3},"title":"MBSR-Achtsamkeitsschulung","author":"Oliver","date":"19. August 2023","format":false,"excerpt":"Achtsamkeit nach dem MBSR-Programm ist ein seit 30 Jahren erprobtes und wissenschaftlich evaluiertes Verfahren, mit dem unvermeidlichen Stress und Schmerz im Leben besser umgehen zu lernen. Entwickelt wurde das \u201eMindfulness-Based-Stress-Reduction\u201c-Training von Jon Kabat-Zinn, einem Verhaltensmediziner und Molekularbiologen. Im achtw\u00f6chigen MBSR-Training lernt man ein kraftvolles, neurowissenschaftlich fundiertes Stressmanagement kennen, das hilft,\u2026","rel":"","context":"\u00c4hnlicher Beitrag","block_context":{"text":"\u00c4hnlicher Beitrag","link":""},"img":{"alt_text":"","src":"https:\/\/i0.wp.com\/www.bechmann.org\/amphibium\/wp-content\/uploads\/cropped-RKM_Graphik_schmal-1.jpg?fit=1200%2C496&ssl=1&resize=350%2C200","width":350,"height":200,"srcset":"https:\/\/i0.wp.com\/www.bechmann.org\/amphibium\/wp-content\/uploads\/cropped-RKM_Graphik_schmal-1.jpg?fit=1200%2C496&ssl=1&resize=350%2C200 1x, https:\/\/i0.wp.com\/www.bechmann.org\/amphibium\/wp-content\/uploads\/cropped-RKM_Graphik_schmal-1.jpg?fit=1200%2C496&ssl=1&resize=525%2C300 1.5x, https:\/\/i0.wp.com\/www.bechmann.org\/amphibium\/wp-content\/uploads\/cropped-RKM_Graphik_schmal-1.jpg?fit=1200%2C496&ssl=1&resize=700%2C400 2x, https:\/\/i0.wp.com\/www.bechmann.org\/amphibium\/wp-content\/uploads\/cropped-RKM_Graphik_schmal-1.jpg?fit=1200%2C496&ssl=1&resize=1050%2C600 3x"},"classes":[]},{"id":6971,"url":"https:\/\/www.bechmann.org\/amphibium\/roninkravmaga\/pflanzenbasiertes-intervallfasten\/","url_meta":{"origin":343,"position":4},"title":"Pflanzenbasiertes Intervallfasten","author":"Oliver","date":"19. August 2023","format":false,"excerpt":"Ori Hofmekler, fr\u00fcherer israelischer Special Forces-Soldat, war seiner Zeit weit voraus, als er mit der Warrior Diet eine Ern\u00e4hrungs- und Lebensweise im gleichnamigen Buch beschrieb, die mittlerweile unter den Namen intermittierendes Fasten oder Intervallfasten gro\u00dfe Popularit\u00e4t gewonnen hat. Hofmekler verglich seine eigenen Erfahrungen w\u00e4hrend seiner Milit\u00e4rzeit mit den Berichten \u00fcber\u2026","rel":"","context":"\u00c4hnlicher Beitrag","block_context":{"text":"\u00c4hnlicher Beitrag","link":""},"img":{"alt_text":"","src":"https:\/\/i0.wp.com\/www.bechmann.org\/amphibium\/wp-content\/uploads\/cropped-RKM_Graphik_schmal-1.jpg?fit=1200%2C496&ssl=1&resize=350%2C200","width":350,"height":200,"srcset":"https:\/\/i0.wp.com\/www.bechmann.org\/amphibium\/wp-content\/uploads\/cropped-RKM_Graphik_schmal-1.jpg?fit=1200%2C496&ssl=1&resize=350%2C200 1x, https:\/\/i0.wp.com\/www.bechmann.org\/amphibium\/wp-content\/uploads\/cropped-RKM_Graphik_schmal-1.jpg?fit=1200%2C496&ssl=1&resize=525%2C300 1.5x, https:\/\/i0.wp.com\/www.bechmann.org\/amphibium\/wp-content\/uploads\/cropped-RKM_Graphik_schmal-1.jpg?fit=1200%2C496&ssl=1&resize=700%2C400 2x, https:\/\/i0.wp.com\/www.bechmann.org\/amphibium\/wp-content\/uploads\/cropped-RKM_Graphik_schmal-1.jpg?fit=1200%2C496&ssl=1&resize=1050%2C600 3x"},"classes":[]},{"id":6965,"url":"https:\/\/www.bechmann.org\/amphibium\/roninkravmaga\/mindfulness-based-stress-reduction-mbsr\/","url_meta":{"origin":343,"position":5},"title":"Mindfulness Based Stress Reduction (MBSR)","author":"Oliver","date":"19. August 2023","format":false,"excerpt":"Stress im Job oder Verlust des Arbeitsplatzes, Beziehung gescheitert oder \u00c4rger mit dem Nachwuchs, demente Eltern, eine lebensbedrohliche Krankheit \u2013 das\u00a0\u00a0kann jede und jeden treffen. Manche Menschen zerbrechen an Schicksalsschl\u00e4gen, werden drogen-, alkohol- oder medikamentenabh\u00e4ngig, verfallen in Burn-out und Depression. Andere haben st\u00e4rkere Ressourcen, um Krisen zu \u00fcberstehen: Diese innere\u2026","rel":"","context":"\u00c4hnlicher Beitrag","block_context":{"text":"\u00c4hnlicher Beitrag","link":""},"img":{"alt_text":"","src":"https:\/\/i0.wp.com\/www.bechmann.org\/amphibium\/wp-content\/uploads\/cropped-RKM_Graphik_schmal-1.jpg?fit=1200%2C496&ssl=1&resize=350%2C200","width":350,"height":200,"srcset":"https:\/\/i0.wp.com\/www.bechmann.org\/amphibium\/wp-content\/uploads\/cropped-RKM_Graphik_schmal-1.jpg?fit=1200%2C496&ssl=1&resize=350%2C200 1x, https:\/\/i0.wp.com\/www.bechmann.org\/amphibium\/wp-content\/uploads\/cropped-RKM_Graphik_schmal-1.jpg?fit=1200%2C496&ssl=1&resize=525%2C300 1.5x, https:\/\/i0.wp.com\/www.bechmann.org\/amphibium\/wp-content\/uploads\/cropped-RKM_Graphik_schmal-1.jpg?fit=1200%2C496&ssl=1&resize=700%2C400 2x, https:\/\/i0.wp.com\/www.bechmann.org\/amphibium\/wp-content\/uploads\/cropped-RKM_Graphik_schmal-1.jpg?fit=1200%2C496&ssl=1&resize=1050%2C600 3x"},"classes":[]}],"jetpack_sharing_enabled":true,"_links":{"self":[{"href":"https:\/\/www.bechmann.org\/amphibium\/wp-json\/wp\/v2\/pages\/343","targetHints":{"allow":["GET"]}}],"collection":[{"href":"https:\/\/www.bechmann.org\/amphibium\/wp-json\/wp\/v2\/pages"}],"about":[{"href":"https:\/\/www.bechmann.org\/amphibium\/wp-json\/wp\/v2\/types\/page"}],"author":[{"embeddable":true,"href":"https:\/\/www.bechmann.org\/amphibium\/wp-json\/wp\/v2\/users\/1"}],"replies":[{"embeddable":true,"href":"https:\/\/www.bechmann.org\/amphibium\/wp-json\/wp\/v2\/comments?post=343"}],"version-history":[{"count":4,"href":"https:\/\/www.bechmann.org\/amphibium\/wp-json\/wp\/v2\/pages\/343\/revisions"}],"predecessor-version":[{"id":352,"href":"https:\/\/www.bechmann.org\/amphibium\/wp-json\/wp\/v2\/pages\/343\/revisions\/352"}],"up":[{"embeddable":true,"href":"https:\/\/www.bechmann.org\/amphibium\/wp-json\/wp\/v2\/pages\/341"}],"wp:attachment":[{"href":"https:\/\/www.bechmann.org\/amphibium\/wp-json\/wp\/v2\/media?parent=343"}],"curies":[{"name":"wp","href":"https:\/\/api.w.org\/{rel}","templated":true}]}}