{"id":2,"date":"2014-05-15T09:36:18","date_gmt":"2014-05-15T07:36:18","guid":{"rendered":"http:\/\/www.bechmann.org\/amphibium\/?page_id=2"},"modified":"2025-06-06T22:08:47","modified_gmt":"2025-06-06T20:08:47","slug":"ueberdasamphibium","status":"publish","type":"page","link":"https:\/\/www.bechmann.org\/amphibium\/ueberdasamphibium\/","title":{"rendered":"\u00dcber uns"},"content":{"rendered":"\n<p><strong>Das Amphibium &#8211; mobiles Leben zu Land, Wasser, Luft<br><\/strong><\/p>\n\n\n\n<p>Ein Amphibium ist ein Lebewesen, das sowohl im Wasser, am Wasser und an Land lebt und in beiden Sph\u00e4ren gleicherma\u00dfen existieren kann. Luft braucht es zum Atmen, aber es kann nicht fliegen.<\/p>\n\n\n<div class=\"wp-block-image\">\n<figure class=\"alignright\"><a href=\"https:\/\/i0.wp.com\/www.bechmann.org\/amphibium\/wp-content\/uploads\/dasamphibium.jpg?ssl=1\"><img data-recalc-dims=\"1\" loading=\"lazy\" decoding=\"async\" width=\"300\" height=\"200\" data-attachment-id=\"49\" data-permalink=\"https:\/\/www.bechmann.org\/amphibium\/ueberdasamphibium\/dasamphibium\/\" data-orig-file=\"https:\/\/i0.wp.com\/www.bechmann.org\/amphibium\/wp-content\/uploads\/dasamphibium.jpg?fit=300%2C200&amp;ssl=1\" data-orig-size=\"300,200\" data-comments-opened=\"0\" data-image-meta=\"{&quot;aperture&quot;:&quot;7.1&quot;,&quot;credit&quot;:&quot;Oliver Bechmann&quot;,&quot;camera&quot;:&quot;Canon EOS 350D DIGITAL&quot;,&quot;caption&quot;:&quot;&quot;,&quot;created_timestamp&quot;:&quot;1161260366&quot;,&quot;copyright&quot;:&quot;Oliver Bechmann&quot;,&quot;focal_length&quot;:&quot;122&quot;,&quot;iso&quot;:&quot;200&quot;,&quot;shutter_speed&quot;:&quot;0.008&quot;,&quot;title&quot;:&quot;&quot;}\" data-image-title=\"dornier-flugboot\" data-image-description=\"\" data-image-caption=\"&lt;p&gt;Dornier Flugboot Do 24 ATT&lt;\/p&gt;\n\" data-large-file=\"https:\/\/i0.wp.com\/www.bechmann.org\/amphibium\/wp-content\/uploads\/dasamphibium.jpg?fit=300%2C200&amp;ssl=1\" src=\"https:\/\/i0.wp.com\/www.bechmann.org\/amphibium\/wp-content\/uploads\/dasamphibium.jpg?resize=300%2C200&#038;ssl=1\" alt=\"Dornier Flugboot Do 24 ATT\" class=\"wp-image-49\"\/><\/a><figcaption class=\"wp-element-caption\">Dornier Flugboot Do 24 ATT<\/figcaption><\/figure>\n<\/div>\n\n\n<p>Als Anfang des vorigen Jahrhunderts Flugzeuge erfunden wurden, entstanden recht schnell Wasserflugzeuge und Flugboote. Es gab noch nicht so viele Flugpl\u00e4tze und Flugh\u00e4fen in der Welt, da waren gro\u00dfe Wasserfl\u00e4chen in Seen und Ozeanen willkommene Landefl\u00e4chen und Startpl\u00e4tze. Mit Flugbooten wurde die Welt erschlossen.<\/p>\n\n\n\n<p>Konstruktionen wie die der deutschen Firma <a href=\"http:\/\/de.wikipedia.org\/wiki\/Dornier-Werke\" target=\"_blank\" rel=\"noopener noreferrer\">Dornier<\/a>\u00a0mischten einen\u00a0Bootsrumpf mit\u00a0einem Flugzeug &#8211; wie auf dem nebenstehenden Bild einer <a href=\"http:\/\/de.wikipedia.org\/wiki\/Dornier_Do_24\" target=\"_blank\" rel=\"noopener noreferrer\">Do 24<\/a>\u00a0auf dem Main bei Frankfurt. Damit aber solche Flugboote nicht nur wassern, sondern auch landen konnten, baute man ihnen ein Fahrwerk ein. Und so entstanden so genannte Amphibien-Flugboote &#8211; Flugzeuge, die\u00a0sich selbstverst\u00e4ndlich in der Luft wohlf\u00fchlten, aber genauso heimisch im Wasser wie an Land werden konnten und sich alle Sph\u00e4ren erschlossen.<\/p>\n\n\n<div class=\"wp-block-image\">\n<figure class=\"alignleft\"><a href=\"https:\/\/i0.wp.com\/www.bechmann.org\/amphibium\/wp-content\/uploads\/IMG_2947.jpg?ssl=1\"><img data-recalc-dims=\"1\" loading=\"lazy\" decoding=\"async\" width=\"300\" height=\"236\" data-attachment-id=\"29\" data-permalink=\"https:\/\/www.bechmann.org\/amphibium\/sup-auf-dem-kinzigsee\/img_2947-jpg\/\" data-orig-file=\"https:\/\/i0.wp.com\/www.bechmann.org\/amphibium\/wp-content\/uploads\/IMG_2947.jpg?fit=2048%2C1614&amp;ssl=1\" data-orig-size=\"2048,1614\" data-comments-opened=\"0\" data-image-meta=\"{&quot;aperture&quot;:&quot;2.4&quot;,&quot;credit&quot;:&quot;&quot;,&quot;camera&quot;:&quot;iPhone 4S&quot;,&quot;caption&quot;:&quot;&quot;,&quot;created_timestamp&quot;:&quot;1408904041&quot;,&quot;copyright&quot;:&quot;&quot;,&quot;focal_length&quot;:&quot;4.28&quot;,&quot;iso&quot;:&quot;400&quot;,&quot;shutter_speed&quot;:&quot;0.066666666666667&quot;,&quot;title&quot;:&quot;&quot;}\" data-image-title=\"leitspruch\" data-image-description=\"\" data-image-caption=\"\" data-large-file=\"https:\/\/i0.wp.com\/www.bechmann.org\/amphibium\/wp-content\/uploads\/IMG_2947.jpg?fit=625%2C493&amp;ssl=1\" src=\"https:\/\/i0.wp.com\/www.bechmann.org\/amphibium\/wp-content\/uploads\/IMG_2947.jpg?resize=300%2C236&#038;ssl=1\" alt=\"leitspruch\" class=\"wp-image-29\" srcset=\"https:\/\/i0.wp.com\/www.bechmann.org\/amphibium\/wp-content\/uploads\/IMG_2947.jpg?resize=300%2C236&amp;ssl=1 300w, https:\/\/i0.wp.com\/www.bechmann.org\/amphibium\/wp-content\/uploads\/IMG_2947.jpg?resize=1024%2C807&amp;ssl=1 1024w, https:\/\/i0.wp.com\/www.bechmann.org\/amphibium\/wp-content\/uploads\/IMG_2947.jpg?resize=380%2C300&amp;ssl=1 380w, https:\/\/i0.wp.com\/www.bechmann.org\/amphibium\/wp-content\/uploads\/IMG_2947.jpg?w=2048&amp;ssl=1 2048w, https:\/\/i0.wp.com\/www.bechmann.org\/amphibium\/wp-content\/uploads\/IMG_2947.jpg?w=1250&amp;ssl=1 1250w, https:\/\/i0.wp.com\/www.bechmann.org\/amphibium\/wp-content\/uploads\/IMG_2947.jpg?w=1875&amp;ssl=1 1875w\" sizes=\"auto, (max-width: 300px) 100vw, 300px\" \/><\/a><\/figure>\n<\/div>\n\n\n<p class=\"has-text-align-left\">Sich in allen Sph\u00e4ren zu bewegen und zu Hause zu f\u00fchlen, ist also das Leitmotto des Blogs &#8222;Das Amphibium&#8220; &#8211; zu Land wie zu Wasser zu leben. Drau\u00dfen in der Natur. In der Wildnis.<\/p>\n\n\n\n<p class=\"has-text-align-left\">Wir k\u00f6nnen mit und ohne Neopren-Anzug schwimmen, haben Standup-Paddlingsboards, Mountainbikes sowie Kletter-Ausr\u00fcstung dabei. Wir lieben Barfu\u00dfschuhe, egal ob Wander- oder W\u00fcstenstiefel, f\u00fcr Trailrun oder Trekking (siehe <a href=\"https:\/\/www.bechmann.org\/amphibium\/fortbewegungsmittel\/\">Fortbewegungsmittel<\/a>). Darum geht&#8217;s beim &#8222;Amphibium&#8220; &#8211; unterwegs zu sein zu Land, Wasser, Luft. Und ansonsten um den Leitspruch im nebenstehenden Bild.<\/p>\n\n\n\n<hr class=\"wp-block-separator has-alpha-channel-opacity\"\/>\n\n\n\n<p class=\"has-text-align-left\">Wir besa\u00dfen und f\u00fchrten das Krav Maga Center Frankfurt\/Rhein-Main (<em>located in Offenbach<\/em>) von 2003 bis 2019, unterrichteten dort Selbstverteidigung und Eigensicherung f\u00fcr Zivilb\u00fcrger und Berufsanwender (auch f\u00fcr Globetrotter und Wissenschaftler, die sich in unsicheren Gebieten bewegen); und bieten seither Selbstverteidigung &amp; Selbstbehauptung, Mentaltraining &amp; Stress-Coaching f\u00fcr Alltags- und Extrem-Situationen als <em>freelancer <\/em>in unserer mobilen KM-Schule <a href=\"https:\/\/www.bechmann.org\/amphibium\/ueberdasamphibium\/roninkravmaga\/\" target=\"_blank\" rel=\"noopener noreferrer\">roninkravmaga<\/a> an.<\/p>\n\n\n<div class=\"wp-block-image\">\n<figure class=\"alignleft size-full is-resized\"><img data-recalc-dims=\"1\" loading=\"lazy\" decoding=\"async\" width=\"625\" height=\"469\" data-attachment-id=\"8082\" data-permalink=\"https:\/\/www.bechmann.org\/amphibium\/ueberdasamphibium\/ojbnr5_kl\/\" data-orig-file=\"https:\/\/i0.wp.com\/www.bechmann.org\/amphibium\/wp-content\/uploads\/ojbNr5_kl.jpeg?fit=1920%2C1440&amp;ssl=1\" data-orig-size=\"1920,1440\" data-comments-opened=\"0\" data-image-meta=\"{&quot;aperture&quot;:&quot;0&quot;,&quot;credit&quot;:&quot;&quot;,&quot;camera&quot;:&quot;&quot;,&quot;caption&quot;:&quot;&quot;,&quot;created_timestamp&quot;:&quot;0&quot;,&quot;copyright&quot;:&quot;&quot;,&quot;focal_length&quot;:&quot;0&quot;,&quot;iso&quot;:&quot;0&quot;,&quot;shutter_speed&quot;:&quot;0&quot;,&quot;title&quot;:&quot;&quot;,&quot;orientation&quot;:&quot;0&quot;}\" data-image-title=\"ojbNr5_kl\" data-image-description=\"\" data-image-caption=\"\" data-large-file=\"https:\/\/i0.wp.com\/www.bechmann.org\/amphibium\/wp-content\/uploads\/ojbNr5_kl.jpeg?fit=625%2C469&amp;ssl=1\" src=\"https:\/\/i0.wp.com\/www.bechmann.org\/amphibium\/wp-content\/uploads\/ojbNr5_kl.jpeg?resize=625%2C469&#038;ssl=1\" alt=\"\" class=\"wp-image-8082\" style=\"width:367px;height:auto\" srcset=\"https:\/\/i0.wp.com\/www.bechmann.org\/amphibium\/wp-content\/uploads\/ojbNr5_kl.jpeg?w=1920&amp;ssl=1 1920w, https:\/\/i0.wp.com\/www.bechmann.org\/amphibium\/wp-content\/uploads\/ojbNr5_kl.jpeg?resize=300%2C225&amp;ssl=1 300w, https:\/\/i0.wp.com\/www.bechmann.org\/amphibium\/wp-content\/uploads\/ojbNr5_kl.jpeg?resize=1024%2C768&amp;ssl=1 1024w, https:\/\/i0.wp.com\/www.bechmann.org\/amphibium\/wp-content\/uploads\/ojbNr5_kl.jpeg?resize=768%2C576&amp;ssl=1 768w, https:\/\/i0.wp.com\/www.bechmann.org\/amphibium\/wp-content\/uploads\/ojbNr5_kl.jpeg?resize=1536%2C1152&amp;ssl=1 1536w, https:\/\/i0.wp.com\/www.bechmann.org\/amphibium\/wp-content\/uploads\/ojbNr5_kl.jpeg?resize=624%2C468&amp;ssl=1 624w, https:\/\/i0.wp.com\/www.bechmann.org\/amphibium\/wp-content\/uploads\/ojbNr5_kl.jpeg?w=1250&amp;ssl=1 1250w\" sizes=\"auto, (max-width: 625px) 100vw, 625px\" \/><\/figure>\n<\/div>\n\n\n<p>Oliver ist nicht nur ein Pionier als langj\u00e4hriger Krav Maga-Instructor, sondern auch erfahrener <a href=\"https:\/\/de.wikipedia.org\/wiki\/Achtsamkeitsbasierte_Stressreduktion\" target=\"_blank\" rel=\"noopener noreferrer\">MBSR-Kursleite<\/a>r und <a href=\"https:\/\/de.wikipedia.org\/wiki\/Achtsamkeit_(mindfulness)\" target=\"_blank\" rel=\"noopener noreferrer\">Achtsamkeitslehrer<\/a>, sowie <a href=\"https:\/\/de.wikipedia.org\/wiki\/Wildnisp%C3%A4dagogik\" target=\"_blank\" rel=\"noopener noreferrer\">Wildnisp\u00e4dagoge<\/a> (<a href=\"https:\/\/de.wikipedia.org\/wiki\/Wildnisschule\" target=\"_blank\" rel=\"noopener noreferrer\">Coyote Mentor<\/a>). <br>Er war in einem fr\u00fcheren Leben Online- und Multimedia-Journalist bei der <a href=\"http:\/\/www.fr-online.de\" target=\"_blank\" rel=\"noopener noreferrer\">Frankfurter Rundschau<\/a> und hat dazu ein Blog namens Appl-Z betrieben (stillgelegt).<\/p>\n\n\n<div class=\"wp-block-image\">\n<figure class=\"alignleft size-full is-resized\"><img data-recalc-dims=\"1\" loading=\"lazy\" decoding=\"async\" width=\"625\" height=\"469\" data-attachment-id=\"8081\" data-permalink=\"https:\/\/www.bechmann.org\/amphibium\/ueberdasamphibium\/bbnr5_kl\/\" data-orig-file=\"https:\/\/i0.wp.com\/www.bechmann.org\/amphibium\/wp-content\/uploads\/bbNr5_kl.jpeg?fit=1920%2C1440&amp;ssl=1\" data-orig-size=\"1920,1440\" data-comments-opened=\"0\" data-image-meta=\"{&quot;aperture&quot;:&quot;0&quot;,&quot;credit&quot;:&quot;&quot;,&quot;camera&quot;:&quot;&quot;,&quot;caption&quot;:&quot;&quot;,&quot;created_timestamp&quot;:&quot;0&quot;,&quot;copyright&quot;:&quot;&quot;,&quot;focal_length&quot;:&quot;0&quot;,&quot;iso&quot;:&quot;0&quot;,&quot;shutter_speed&quot;:&quot;0&quot;,&quot;title&quot;:&quot;&quot;,&quot;orientation&quot;:&quot;0&quot;}\" data-image-title=\"bbNr5_kl\" data-image-description=\"\" data-image-caption=\"\" data-large-file=\"https:\/\/i0.wp.com\/www.bechmann.org\/amphibium\/wp-content\/uploads\/bbNr5_kl.jpeg?fit=625%2C469&amp;ssl=1\" src=\"https:\/\/i0.wp.com\/www.bechmann.org\/amphibium\/wp-content\/uploads\/bbNr5_kl.jpeg?resize=625%2C469&#038;ssl=1\" alt=\"\" class=\"wp-image-8081\" style=\"width:369px;height:auto\" srcset=\"https:\/\/i0.wp.com\/www.bechmann.org\/amphibium\/wp-content\/uploads\/bbNr5_kl.jpeg?w=1920&amp;ssl=1 1920w, https:\/\/i0.wp.com\/www.bechmann.org\/amphibium\/wp-content\/uploads\/bbNr5_kl.jpeg?resize=300%2C225&amp;ssl=1 300w, https:\/\/i0.wp.com\/www.bechmann.org\/amphibium\/wp-content\/uploads\/bbNr5_kl.jpeg?resize=1024%2C768&amp;ssl=1 1024w, https:\/\/i0.wp.com\/www.bechmann.org\/amphibium\/wp-content\/uploads\/bbNr5_kl.jpeg?resize=768%2C576&amp;ssl=1 768w, https:\/\/i0.wp.com\/www.bechmann.org\/amphibium\/wp-content\/uploads\/bbNr5_kl.jpeg?resize=1536%2C1152&amp;ssl=1 1536w, https:\/\/i0.wp.com\/www.bechmann.org\/amphibium\/wp-content\/uploads\/bbNr5_kl.jpeg?resize=624%2C468&amp;ssl=1 624w, https:\/\/i0.wp.com\/www.bechmann.org\/amphibium\/wp-content\/uploads\/bbNr5_kl.jpeg?w=1250&amp;ssl=1 1250w\" sizes=\"auto, (max-width: 625px) 100vw, 625px\" \/><\/figure>\n<\/div>\n\n\n<p>Beate ist Krav Maga-Instructor der ersten Stunde sowie Heilpraktikerin auf Grundlage der Chinesischen Medizin (Akupunktur, Massage, Kr\u00e4uter -> <a href=\"http:\/\/www.akupunktur-tuina.de\" target=\"_blank\" rel=\"noopener noreferrer\">&#8230; Sport- und Naturheilpraxis&#8230;<\/a>), sowie <a href=\"https:\/\/de.wikipedia.org\/wiki\/Hypnotherapie\" target=\"_blank\" rel=\"noopener noreferrer\">Hypno<\/a>&#8211; und IFS-Therapeutin.<br><br>Beide zusammen haben drei Ironman-Langdistanz-Triathlons und diverse Marathon-L\u00e4ufe absolviert und dar\u00fcber im Ironblog geschrieben (stillgelegt).<\/p>\n\n\n\n<p>Wir lieben das Hippie-Festival am hessischen Herzberg mit &#8222;Love &amp; Peace &amp; Happiness&#8220;, wissen freilich: Allah ist gro\u00df, aber er sagt auch: Binde dein Kamel an. Getreu des Krav Maga-Mottos: <em>Be prepared<\/em> widmen sie sich angesichts des laufenden Klimakollapses und der multipolaren Krisen der gelassenen Vorbereitung auf schwierige Zeiten. <em>Always expect the unexpected!<\/em><\/p>\n\n\n\n<p>Wer sich daf\u00fcr interessiert, wie man Achtsamkeit mit Wachsamkeit verbindet, wie man in &amp; mit der Natur lebt, wie man sich selbst behauptet &amp; verteidigt &amp; versorgt, findet dazu Trainings-Angebote unter <a href=\"https:\/\/www.bechmann.org\/amphibium\/ueberdasamphibium\/roninkravmaga\/\" target=\"_blank\" rel=\"noopener noreferrer\">roninkravmaga&#8230; (hier klicken)<\/a>.<\/p>\n","protected":false},"excerpt":{"rendered":"<p>Das Amphibium &#8211; mobiles Leben zu Land, Wasser, Luft Ein Amphibium ist ein Lebewesen, das sowohl im Wasser, am Wasser und an Land lebt und in beiden Sph\u00e4ren gleicherma\u00dfen existieren kann. Luft braucht es zum Atmen, aber es kann nicht fliegen. Als Anfang des vorigen Jahrhunderts Flugzeuge erfunden wurden, entstanden recht schnell Wasserflugzeuge und Flugboote. [&hellip;]<\/p>\n","protected":false},"author":1,"featured_media":0,"parent":0,"menu_order":5,"comment_status":"closed","ping_status":"closed","template":"","meta":{"jetpack_post_was_ever_published":false,"footnotes":""},"class_list":["post-2","page","type-page","status-publish","hentry"],"jetpack_shortlink":"https:\/\/wp.me\/P4DyUk-2","jetpack-related-posts":[{"id":6977,"url":"https:\/\/www.bechmann.org\/amphibium\/roninkravmaga\/coyote-mentoring-wildnispaedagogik\/achtsamkeit-in-der-wildnis\/","url_meta":{"origin":2,"position":0},"title":"Achtsamkeit in der Wildnis","author":"Oliver","date":"19. August 2023","format":false,"excerpt":"K\u00e4mpfe um Leib und Leben sind existentiell, sie gehen in extremer Weise an unsere \u00e4u\u00dfere wie an unsere innere Natur \u2013 K\u00f6rper und Geist\/Seele. Alltagsk\u00e4mpfe in Beruf, Familie und Freizeit zerren an den Nerven, \u201cgehen an die Nieren\u201d. Diesen Beanspruchungen und Herausforderungen kann man h\u00e4ufig nicht ausweichen; sie sind oft\u2026","rel":"","context":"\u00c4hnlicher Beitrag","block_context":{"text":"\u00c4hnlicher Beitrag","link":""},"img":{"alt_text":"","src":"https:\/\/i0.wp.com\/www.bechmann.org\/amphibium\/wp-content\/uploads\/cropped-RKM_Graphik_schmal-1.jpg?fit=1200%2C496&ssl=1&resize=350%2C200","width":350,"height":200,"srcset":"https:\/\/i0.wp.com\/www.bechmann.org\/amphibium\/wp-content\/uploads\/cropped-RKM_Graphik_schmal-1.jpg?fit=1200%2C496&ssl=1&resize=350%2C200 1x, https:\/\/i0.wp.com\/www.bechmann.org\/amphibium\/wp-content\/uploads\/cropped-RKM_Graphik_schmal-1.jpg?fit=1200%2C496&ssl=1&resize=525%2C300 1.5x, https:\/\/i0.wp.com\/www.bechmann.org\/amphibium\/wp-content\/uploads\/cropped-RKM_Graphik_schmal-1.jpg?fit=1200%2C496&ssl=1&resize=700%2C400 2x, https:\/\/i0.wp.com\/www.bechmann.org\/amphibium\/wp-content\/uploads\/cropped-RKM_Graphik_schmal-1.jpg?fit=1200%2C496&ssl=1&resize=1050%2C600 3x"},"classes":[]},{"id":1169,"url":"https:\/\/www.bechmann.org\/amphibium\/flohmarkt\/","url_meta":{"origin":2,"position":1},"title":"Flohmarkt","author":"Oliver","date":"19. Juni 2016","format":false,"excerpt":"Flohmarkt bei eBay bzw. Kleinanzeigen: Wir sind immer dabei, unsere Ausr\u00fcstung f\u00fcr unsere Zwecke zu optimieren \u2013 da bleibt es nicht aus, dass das ein oder andere Teil aussortiert wird. Das hei\u00dft aber nicht, dass es vielleicht f\u00fcr andere von Nutzen sein kann - darunter Rucks\u00e4cke, Sporttaschen, Trainingsutensilien\u00a0wie auch andere\u2026","rel":"","context":"\u00c4hnlicher Beitrag","block_context":{"text":"\u00c4hnlicher Beitrag","link":""},"img":{"alt_text":"","src":"","width":0,"height":0},"classes":[]},{"id":6967,"url":"https:\/\/www.bechmann.org\/amphibium\/roninkravmaga\/coyote-mentoring-wildnispaedagogik\/","url_meta":{"origin":2,"position":2},"title":"Coyote Mentoring (Wildnisp\u00e4dagogik)","author":"Oliver","date":"19. August 2023","format":false,"excerpt":"Menschen sollten sich mit der Natur verbinden, um Kreativit\u00e4t und Phantasie, innere Ruhe und Reichtum, Spontanit\u00e4t und die F\u00e4higkeit zu entwickeln, mit unvorhergesehenen oder sich unvermutet \u00e4ndernden Situationen umzugehen. Naturwissen und Verbindungen zur Natur wurden bei so genannten archaischen J\u00e4ger- und Sammlerv\u00f6lkern von Generation zu Generation weitergegeben. Leben und Lernen\u2026","rel":"","context":"\u00c4hnlicher Beitrag","block_context":{"text":"\u00c4hnlicher Beitrag","link":""},"img":{"alt_text":"","src":"https:\/\/i0.wp.com\/www.bechmann.org\/amphibium\/wp-content\/uploads\/cropped-RKM_Graphik_schmal-1.jpg?fit=1200%2C496&ssl=1&resize=350%2C200","width":350,"height":200,"srcset":"https:\/\/i0.wp.com\/www.bechmann.org\/amphibium\/wp-content\/uploads\/cropped-RKM_Graphik_schmal-1.jpg?fit=1200%2C496&ssl=1&resize=350%2C200 1x, https:\/\/i0.wp.com\/www.bechmann.org\/amphibium\/wp-content\/uploads\/cropped-RKM_Graphik_schmal-1.jpg?fit=1200%2C496&ssl=1&resize=525%2C300 1.5x, https:\/\/i0.wp.com\/www.bechmann.org\/amphibium\/wp-content\/uploads\/cropped-RKM_Graphik_schmal-1.jpg?fit=1200%2C496&ssl=1&resize=700%2C400 2x, https:\/\/i0.wp.com\/www.bechmann.org\/amphibium\/wp-content\/uploads\/cropped-RKM_Graphik_schmal-1.jpg?fit=1200%2C496&ssl=1&resize=1050%2C600 3x"},"classes":[]},{"id":9581,"url":"https:\/\/www.bechmann.org\/amphibium\/roninkravmaga\/prepping\/","url_meta":{"origin":2,"position":3},"title":"Gentle Prepping","author":"Oliver","date":"6. Juni 2025","format":false,"excerpt":"https:\/\/youtu.be\/xtNIJRbErvE?feature=shared Mitte der 1980er Jahre wollte ich mit meinem Enduro-Motorrad um die Welt reisen, da erschien es mir dienlich, einen Survivalkurs zu absolvieren. Damals war Volker Lapp ein guter Name in dieser Szene (und ist es heute noch), der einen \"Expeditionskurs\" im verschneiten Hunsr\u00fcck anbot. \"Survival\", so meinte er damals,\u2026","rel":"","context":"\u00c4hnlicher Beitrag","block_context":{"text":"\u00c4hnlicher Beitrag","link":""},"img":{"alt_text":"","src":"https:\/\/i0.wp.com\/img.youtube.com\/vi\/xtNIJRbErvE\/0.jpg?resize=350%2C200","width":350,"height":200},"classes":[]},{"id":6965,"url":"https:\/\/www.bechmann.org\/amphibium\/roninkravmaga\/mindfulness-based-stress-reduction-mbsr\/","url_meta":{"origin":2,"position":4},"title":"Mindfulness Based Stress Reduction (MBSR)","author":"Oliver","date":"19. August 2023","format":false,"excerpt":"Stress im Job oder Verlust des Arbeitsplatzes, Beziehung gescheitert oder \u00c4rger mit dem Nachwuchs, demente Eltern, eine lebensbedrohliche Krankheit \u2013 das\u00a0\u00a0kann jede und jeden treffen. Manche Menschen zerbrechen an Schicksalsschl\u00e4gen, werden drogen-, alkohol- oder medikamentenabh\u00e4ngig, verfallen in Burn-out und Depression. Andere haben st\u00e4rkere Ressourcen, um Krisen zu \u00fcberstehen: Diese innere\u2026","rel":"","context":"\u00c4hnlicher Beitrag","block_context":{"text":"\u00c4hnlicher Beitrag","link":""},"img":{"alt_text":"","src":"https:\/\/i0.wp.com\/www.bechmann.org\/amphibium\/wp-content\/uploads\/cropped-RKM_Graphik_schmal-1.jpg?fit=1200%2C496&ssl=1&resize=350%2C200","width":350,"height":200,"srcset":"https:\/\/i0.wp.com\/www.bechmann.org\/amphibium\/wp-content\/uploads\/cropped-RKM_Graphik_schmal-1.jpg?fit=1200%2C496&ssl=1&resize=350%2C200 1x, https:\/\/i0.wp.com\/www.bechmann.org\/amphibium\/wp-content\/uploads\/cropped-RKM_Graphik_schmal-1.jpg?fit=1200%2C496&ssl=1&resize=525%2C300 1.5x, https:\/\/i0.wp.com\/www.bechmann.org\/amphibium\/wp-content\/uploads\/cropped-RKM_Graphik_schmal-1.jpg?fit=1200%2C496&ssl=1&resize=700%2C400 2x, https:\/\/i0.wp.com\/www.bechmann.org\/amphibium\/wp-content\/uploads\/cropped-RKM_Graphik_schmal-1.jpg?fit=1200%2C496&ssl=1&resize=1050%2C600 3x"},"classes":[]},{"id":343,"url":"https:\/\/www.bechmann.org\/amphibium\/impressum-kontakt\/regeln\/","url_meta":{"origin":2,"position":5},"title":"Regeln","author":"Oliver","date":"31. August 2014","format":false,"excerpt":"Dies ist ein Weblog \u00fcber Reisen. Bei Blogs und \u00e4hnlichen Web-Auftritten handelt es sich um eine Art digitales Wohnzimmer - also einen Ort, \u00fcber den man selbst bestimmt und in den man G\u00e4ste einladen kann. Aber nicht muss. Und wenn G\u00e4ste sich nicht zu benehmen wissen, setzt man sie vor\u2026","rel":"","context":"\u00c4hnlicher Beitrag","block_context":{"text":"\u00c4hnlicher Beitrag","link":""},"img":{"alt_text":"","src":"","width":0,"height":0},"classes":[]}],"jetpack_sharing_enabled":true,"_links":{"self":[{"href":"https:\/\/www.bechmann.org\/amphibium\/wp-json\/wp\/v2\/pages\/2","targetHints":{"allow":["GET"]}}],"collection":[{"href":"https:\/\/www.bechmann.org\/amphibium\/wp-json\/wp\/v2\/pages"}],"about":[{"href":"https:\/\/www.bechmann.org\/amphibium\/wp-json\/wp\/v2\/types\/page"}],"author":[{"embeddable":true,"href":"https:\/\/www.bechmann.org\/amphibium\/wp-json\/wp\/v2\/users\/1"}],"replies":[{"embeddable":true,"href":"https:\/\/www.bechmann.org\/amphibium\/wp-json\/wp\/v2\/comments?post=2"}],"version-history":[{"count":45,"href":"https:\/\/www.bechmann.org\/amphibium\/wp-json\/wp\/v2\/pages\/2\/revisions"}],"predecessor-version":[{"id":9644,"href":"https:\/\/www.bechmann.org\/amphibium\/wp-json\/wp\/v2\/pages\/2\/revisions\/9644"}],"wp:attachment":[{"href":"https:\/\/www.bechmann.org\/amphibium\/wp-json\/wp\/v2\/media?parent=2"}],"curies":[{"name":"wp","href":"https:\/\/api.w.org\/{rel}","templated":true}]}}